{"id":62246,"date":"2019-12-30T12:30:49","date_gmt":"2019-12-30T11:30:49","guid":{"rendered":"https:\/\/pb.edu.pl\/employees\/etyka\/"},"modified":"2021-12-08T23:10:29","modified_gmt":"2021-12-08T22:10:29","slug":"ethics","status":"publish","type":"page","link":"https:\/\/archiwalna.pb.edu.pl\/en\/employees\/ethics\/","title":{"rendered":"Ethics"},"content":{"rendered":"<div class=\"h2\">Definition<\/div>\n<p>Ethics &#8211; [gr. t\u00e1 \u0113thik\u00e1 &#8216;treatise on customs&#8217;, \u1e17thos \u2018moral nature\u2019, &#8216;character&#8217;], a term used in the 4th century BC by Aristotle in the title of his work Nicomachean Ethics to denote the descriptive and critical study of what concerns ethos as human character, custom, i.e. an established way of behaviour in the living environment, home. In the colloquial sense, ethics is the totality of moral norms recognised at a certain time by a social group as a reference point for the evaluation and regulation of behaviour in order to integrate the group around certain values, a synonym for morality; in the philosophical sense, ethics is the science of morality, considered separately in its normative aspect as the science of morality (the so-called normative ethics or proper ethics) and the descriptive and explanatory aspect as the science of morality (the so-called descriptive ethics or ethology).<\/p>\n<p style=\"text-align: right;\"><em>Source: Encyklopedia PWN<\/em><\/p>\n<div class=\"h2\">Anti-corruption training modules:<\/div>\n<p>Training modules: <a href=\"https:\/\/szkolenia-antykorupcyjne.edu.pl\/\">szkolenia-antykorupcyjne.edu.pl\/<\/a><br \/>\nFight against corruption: <a href=\"https:\/\/www.abw.gov.pl\/en\">www.abw.gov.pl\/en<\/a><\/p>\n","protected":false},"excerpt":{"rendered":"<p>Definition Ethics &#8211; [gr. t\u00e1 \u0113thik\u00e1 &#8216;treatise on customs&#8217;, \u1e17thos \u2018moral nature\u2019, &#8216;character&#8217;], a term<\/p>\n","protected":false},"author":2,"featured_media":0,"parent":62237,"menu_order":8,"comment_status":"closed","ping_status":"closed","template":"","meta":{"_acf_changed":false,"ngg_post_thumbnail":0,"footnotes":""},"class_list":["post-62246","page","type-page","status-publish","hentry"],"acf":[],"yoast_head":"<!-- This site is optimized with the Yoast SEO plugin v26.4 - https:\/\/yoast.com\/wordpress\/plugins\/seo\/ -->\n<title>Ethics - Bialystok University of Technology - archived website<\/title>\n<meta name=\"description\" content=\"Definition Ethics - , a term used in the 4th century BC by Aristotle in the title of his work Nicomachean Ethics to denote the descriptive and critical\" \/>\n<meta name=\"robots\" content=\"noindex, follow, max-snippet:-1, max-image-preview:large, max-video-preview:-1\" \/>\n<meta property=\"og:locale\" content=\"en_US\" \/>\n<meta property=\"og:type\" content=\"article\" \/>\n<meta property=\"og:title\" content=\"Ethics - Bialystok University of Technology - archived website\" \/>\n<meta property=\"og:description\" content=\"Definition Ethics - , a term used in the 4th century BC by Aristotle in the title of his work Nicomachean Ethics to denote the descriptive and critical\" \/>\n<meta property=\"og:url\" content=\"https:\/\/archiwalna.pb.edu.pl\/en\/employees\/ethics\/\" \/>\n<meta property=\"og:site_name\" content=\"Bialystok University of Technology - archived website\" \/>\n<meta property=\"article:modified_time\" content=\"2021-12-08T22:10:29+00:00\" \/>\n<meta name=\"twitter:label1\" content=\"Est. reading time\" \/>\n\t<meta name=\"twitter:data1\" content=\"1 minute\" \/>\n<script type=\"application\/ld+json\" class=\"yoast-schema-graph\">{\"@context\":\"https:\/\/schema.org\",\"@graph\":[{\"@type\":\"WebPage\",\"@id\":\"https:\/\/archiwalna.pb.edu.pl\/en\/employees\/ethics\/\",\"url\":\"https:\/\/archiwalna.pb.edu.pl\/en\/employees\/ethics\/\",\"name\":\"Ethics - Bialystok University of Technology - archived website\",\"isPartOf\":{\"@id\":\"https:\/\/archiwalna.pb.edu.pl\/en\/#website\"},\"datePublished\":\"2019-12-30T11:30:49+00:00\",\"dateModified\":\"2021-12-08T22:10:29+00:00\",\"description\":\"Definition Ethics - , a term used in the 4th century BC by Aristotle in the title of his work Nicomachean Ethics to denote the descriptive and critical\",\"breadcrumb\":{\"@id\":\"https:\/\/archiwalna.pb.edu.pl\/en\/employees\/ethics\/#breadcrumb\"},\"inLanguage\":\"en-US\",\"potentialAction\":[{\"@type\":\"ReadAction\",\"target\":[\"https:\/\/archiwalna.pb.edu.pl\/en\/employees\/ethics\/\"]}]},{\"@type\":\"BreadcrumbList\",\"@id\":\"https:\/\/archiwalna.pb.edu.pl\/en\/employees\/ethics\/#breadcrumb\",\"itemListElement\":[{\"@type\":\"ListItem\",\"position\":1,\"name\":\"Home\",\"item\":\"https:\/\/archiwalna.pb.edu.pl\/en\/\"},{\"@type\":\"ListItem\",\"position\":2,\"name\":\"Employees\",\"item\":\"https:\/\/archiwalna.pb.edu.pl\/en\/employees\/\"},{\"@type\":\"ListItem\",\"position\":3,\"name\":\"Ethics\"}]},{\"@type\":\"WebSite\",\"@id\":\"https:\/\/archiwalna.pb.edu.pl\/en\/#website\",\"url\":\"https:\/\/archiwalna.pb.edu.pl\/en\/\",\"name\":\"Bialystok University of Technology - archived website\",\"description\":\"\",\"potentialAction\":[{\"@type\":\"SearchAction\",\"target\":{\"@type\":\"EntryPoint\",\"urlTemplate\":\"https:\/\/archiwalna.pb.edu.pl\/en\/?s={search_term_string}\"},\"query-input\":{\"@type\":\"PropertyValueSpecification\",\"valueRequired\":true,\"valueName\":\"search_term_string\"}}],\"inLanguage\":\"en-US\"}]}<\/script>\n<!-- \/ Yoast SEO plugin. -->","yoast_head_json":{"title":"Ethics - Bialystok University of Technology - archived website","description":"Definition Ethics - , a term used in the 4th century BC by Aristotle in the title of his work Nicomachean Ethics to denote the descriptive and critical","robots":{"index":"noindex","follow":"follow","max-snippet":"max-snippet:-1","max-image-preview":"max-image-preview:large","max-video-preview":"max-video-preview:-1"},"og_locale":"en_US","og_type":"article","og_title":"Ethics - Bialystok University of Technology - archived website","og_description":"Definition Ethics - , a term used in the 4th century BC by Aristotle in the title of his work Nicomachean Ethics to denote the descriptive and critical","og_url":"https:\/\/archiwalna.pb.edu.pl\/en\/employees\/ethics\/","og_site_name":"Bialystok University of Technology - archived website","article_modified_time":"2021-12-08T22:10:29+00:00","twitter_misc":{"Est. reading time":"1 minute"},"schema":{"@context":"https:\/\/schema.org","@graph":[{"@type":"WebPage","@id":"https:\/\/archiwalna.pb.edu.pl\/en\/employees\/ethics\/","url":"https:\/\/archiwalna.pb.edu.pl\/en\/employees\/ethics\/","name":"Ethics - Bialystok University of Technology - archived website","isPartOf":{"@id":"https:\/\/archiwalna.pb.edu.pl\/en\/#website"},"datePublished":"2019-12-30T11:30:49+00:00","dateModified":"2021-12-08T22:10:29+00:00","description":"Definition Ethics - , a term used in the 4th century BC by Aristotle in the title of his work Nicomachean Ethics to denote the descriptive and critical","breadcrumb":{"@id":"https:\/\/archiwalna.pb.edu.pl\/en\/employees\/ethics\/#breadcrumb"},"inLanguage":"en-US","potentialAction":[{"@type":"ReadAction","target":["https:\/\/archiwalna.pb.edu.pl\/en\/employees\/ethics\/"]}]},{"@type":"BreadcrumbList","@id":"https:\/\/archiwalna.pb.edu.pl\/en\/employees\/ethics\/#breadcrumb","itemListElement":[{"@type":"ListItem","position":1,"name":"Home","item":"https:\/\/archiwalna.pb.edu.pl\/en\/"},{"@type":"ListItem","position":2,"name":"Employees","item":"https:\/\/archiwalna.pb.edu.pl\/en\/employees\/"},{"@type":"ListItem","position":3,"name":"Ethics"}]},{"@type":"WebSite","@id":"https:\/\/archiwalna.pb.edu.pl\/en\/#website","url":"https:\/\/archiwalna.pb.edu.pl\/en\/","name":"Bialystok University of Technology - archived website","description":"","potentialAction":[{"@type":"SearchAction","target":{"@type":"EntryPoint","urlTemplate":"https:\/\/archiwalna.pb.edu.pl\/en\/?s={search_term_string}"},"query-input":{"@type":"PropertyValueSpecification","valueRequired":true,"valueName":"search_term_string"}}],"inLanguage":"en-US"}]}},"_links":{"self":[{"href":"https:\/\/archiwalna.pb.edu.pl\/en\/wp-json\/wp\/v2\/pages\/62246","targetHints":{"allow":["GET"]}}],"collection":[{"href":"https:\/\/archiwalna.pb.edu.pl\/en\/wp-json\/wp\/v2\/pages"}],"about":[{"href":"https:\/\/archiwalna.pb.edu.pl\/en\/wp-json\/wp\/v2\/types\/page"}],"author":[{"embeddable":true,"href":"https:\/\/archiwalna.pb.edu.pl\/en\/wp-json\/wp\/v2\/users\/2"}],"replies":[{"embeddable":true,"href":"https:\/\/archiwalna.pb.edu.pl\/en\/wp-json\/wp\/v2\/comments?post=62246"}],"version-history":[{"count":0,"href":"https:\/\/archiwalna.pb.edu.pl\/en\/wp-json\/wp\/v2\/pages\/62246\/revisions"}],"up":[{"embeddable":true,"href":"https:\/\/archiwalna.pb.edu.pl\/en\/wp-json\/wp\/v2\/pages\/62237"}],"wp:attachment":[{"href":"https:\/\/archiwalna.pb.edu.pl\/en\/wp-json\/wp\/v2\/media?parent=62246"}],"curies":[{"name":"wp","href":"https:\/\/api.w.org\/{rel}","templated":true}]}}