{"id":62562,"date":"2017-06-28T18:58:02","date_gmt":"2017-06-28T16:58:02","guid":{"rendered":"https:\/\/pb.edu.pl\/uczelnia\/"},"modified":"2022-04-04T00:42:31","modified_gmt":"2022-04-03T22:42:31","slug":"university","status":"publish","type":"page","link":"https:\/\/archiwalna.pb.edu.pl\/en\/university\/","title":{"rendered":"University"},"content":{"rendered":"<p><img loading=\"lazy\" decoding=\"async\" src=\"https:\/\/pb.edu.pl\/wp-content\/uploads\/2018\/04\/strona-glowna-uczelnia-kateg.jpg\" alt=\"solar panels\" width=\"1240\" height=\"730\" class=\"alignnone size-full wp-image-57684\" srcset=\"https:\/\/archiwalna.pb.edu.pl\/wp-content\/uploads\/2018\/04\/strona-glowna-uczelnia-kateg.jpg 1240w, https:\/\/archiwalna.pb.edu.pl\/wp-content\/uploads\/2018\/04\/strona-glowna-uczelnia-kateg-300x177.jpg 300w, https:\/\/archiwalna.pb.edu.pl\/wp-content\/uploads\/2018\/04\/strona-glowna-uczelnia-kateg-768x452.jpg 768w, https:\/\/archiwalna.pb.edu.pl\/wp-content\/uploads\/2018\/04\/strona-glowna-uczelnia-kateg-1024x603.jpg 1024w\" sizes=\"auto, (max-width: 1240px) 100vw, 1240px\" \/><\/p>\n<div class=\"lead font-500\"><strong>Bialystok University of Technology<\/strong> is the largest technical university in North-East Poland. <\/p>\n<p>It has over 70 years of tradition in educating engineers and highly qualified research and development staff for the region.<\/p><\/div>\n<div class=\"text-right\"><a class=\"button text-center animated zoomIn lead font-500\" href=\"\/en\/university\/about\/\">Find out more<\/a><\/div>\n<p><a class=\"h1 color\" style=\"text-decoration: none\" href=\"\/en\/university\/news-events\/\">News &#038; Events <i class=\"fa fa-caret-right\" aria-hidden=\"true\"><\/i><\/a><br \/>\n\t\t<div class=\"box news-box \">\n\t\t<div class=\"row\">\n\t\t\t\n\t\t\t\n\t\t\t\t\n\t\t\t\t\t\t\t\t\t\t<div class=\"col-sm-4\">\n\t\t\t\t\t\t\t\n<article class=\"format-standard\">\n    <span class=\"date text-right\"><i class=\"fal fa-calendar-alt\"><\/i> 03-11-2025<\/span>\n    <a href=\"https:\/\/archiwalna.pb.edu.pl\/en\/2025\/11\/03\/bialystok-university-of-technology-day-2025\/\">\n      <div class=\"article-image\">\n        <img loading=\"lazy\" decoding=\"async\" width=\"480\" height=\"300\" src=\"https:\/\/archiwalna.pb.edu.pl\/wp-content\/uploads\/2025\/11\/swieto-pb-www-1080-675-EN-480x300.jpg\" class=\"attachment-medium-image-16x10 size-medium-image-16x10 wp-post-image\" alt=\"\" srcset=\"https:\/\/archiwalna.pb.edu.pl\/wp-content\/uploads\/2025\/11\/swieto-pb-www-1080-675-EN-480x300.jpg 480w, https:\/\/archiwalna.pb.edu.pl\/wp-content\/uploads\/2025\/11\/swieto-pb-www-1080-675-EN-300x188.jpg 300w, https:\/\/archiwalna.pb.edu.pl\/wp-content\/uploads\/2025\/11\/swieto-pb-www-1080-675-EN-1024x640.jpg 1024w, https:\/\/archiwalna.pb.edu.pl\/wp-content\/uploads\/2025\/11\/swieto-pb-www-1080-675-EN-768x480.jpg 768w, https:\/\/archiwalna.pb.edu.pl\/wp-content\/uploads\/2025\/11\/swieto-pb-www-1080-675-EN.jpg 1080w\" sizes=\"auto, (max-width: 480px) 100vw, 480px\" \/>      <\/div>\n      <h3>Bialystok University of Technology Day 2025<\/h3>\n      The Rector and the Senate of Bialystok University of Technology invite    <\/a>\n<\/article>\t\t\t\t\t\t<\/div>\n\t\t\t\t\t\t\t\t\t\t\t<div class=\"col-sm-4\">\n\t\t\t\t\t\t\t\n<article class=\"format-standard\">\n    <span class=\"date text-right\"><i class=\"fal fa-calendar-alt\"><\/i> 26-01-2026<\/span>\n    <a href=\"https:\/\/archiwalna.pb.edu.pl\/en\/2026\/01\/26\/bialystok-university-of-technology-in-the-across-university-visit-of-representatives-of-the-university-of-banja-luka\/\">\n      <div class=\"article-image\">\n        <img loading=\"lazy\" decoding=\"async\" width=\"480\" height=\"300\" src=\"https:\/\/archiwalna.pb.edu.pl\/wp-content\/uploads\/2026\/01\/2026-01-20-ACROSS-goscie-z-Banj-Luki-na-WIZfot-Iryna-Mikhno-PB-6-480x300.jpg\" class=\"attachment-medium-image-16x10 size-medium-image-16x10 wp-post-image\" alt=\"\" srcset=\"https:\/\/archiwalna.pb.edu.pl\/wp-content\/uploads\/2026\/01\/2026-01-20-ACROSS-goscie-z-Banj-Luki-na-WIZfot-Iryna-Mikhno-PB-6-480x300.jpg 480w, https:\/\/archiwalna.pb.edu.pl\/wp-content\/uploads\/2026\/01\/2026-01-20-ACROSS-goscie-z-Banj-Luki-na-WIZfot-Iryna-Mikhno-PB-6-300x188.jpg 300w, https:\/\/archiwalna.pb.edu.pl\/wp-content\/uploads\/2026\/01\/2026-01-20-ACROSS-goscie-z-Banj-Luki-na-WIZfot-Iryna-Mikhno-PB-6-1024x640.jpg 1024w, https:\/\/archiwalna.pb.edu.pl\/wp-content\/uploads\/2026\/01\/2026-01-20-ACROSS-goscie-z-Banj-Luki-na-WIZfot-Iryna-Mikhno-PB-6-768x480.jpg 768w, https:\/\/archiwalna.pb.edu.pl\/wp-content\/uploads\/2026\/01\/2026-01-20-ACROSS-goscie-z-Banj-Luki-na-WIZfot-Iryna-Mikhno-PB-6-1536x960.jpg 1536w, https:\/\/archiwalna.pb.edu.pl\/wp-content\/uploads\/2026\/01\/2026-01-20-ACROSS-goscie-z-Banj-Luki-na-WIZfot-Iryna-Mikhno-PB-6-2048x1280.jpg 2048w\" sizes=\"auto, (max-width: 480px) 100vw, 480px\" \/>      <\/div>\n      <h3>Bialystok University of Technology in the Across University: Visit of Representatives of the University of Banja Luka<\/h3>\n      Assoc. Prof. Sa\u0161a Petkovi\u0107, DSc, PhD and Jelena Polja\u0161evi\u0107, PhD from    <\/a>\n<\/article>\t\t\t\t\t\t<\/div>\n\t\t\t\t\t\t\t\t\t\t\t<div class=\"col-sm-4\">\n\t\t\t\t\t\t\t\n<article class=\"format-standard\">\n    <span class=\"date text-right\"><i class=\"fal fa-calendar-alt\"><\/i> 22-01-2026<\/span>\n    <a href=\"https:\/\/archiwalna.pb.edu.pl\/en\/2026\/01\/22\/bialystok-university-of-technology-in-the-times-higher-education-world-university-rankings\/\">\n      <div class=\"article-image\">\n        <img loading=\"lazy\" decoding=\"async\" width=\"480\" height=\"300\" src=\"https:\/\/archiwalna.pb.edu.pl\/wp-content\/uploads\/2026\/01\/2026-01-22-THE-WUR-2026-www-eng-480x300.jpg\" class=\"attachment-medium-image-16x10 size-medium-image-16x10 wp-post-image\" alt=\"\" srcset=\"https:\/\/archiwalna.pb.edu.pl\/wp-content\/uploads\/2026\/01\/2026-01-22-THE-WUR-2026-www-eng-480x300.jpg 480w, https:\/\/archiwalna.pb.edu.pl\/wp-content\/uploads\/2026\/01\/2026-01-22-THE-WUR-2026-www-eng-300x188.jpg 300w, https:\/\/archiwalna.pb.edu.pl\/wp-content\/uploads\/2026\/01\/2026-01-22-THE-WUR-2026-www-eng-1024x640.jpg 1024w, https:\/\/archiwalna.pb.edu.pl\/wp-content\/uploads\/2026\/01\/2026-01-22-THE-WUR-2026-www-eng-768x480.jpg 768w, https:\/\/archiwalna.pb.edu.pl\/wp-content\/uploads\/2026\/01\/2026-01-22-THE-WUR-2026-www-eng-1536x960.jpg 1536w, https:\/\/archiwalna.pb.edu.pl\/wp-content\/uploads\/2026\/01\/2026-01-22-THE-WUR-2026-www-eng-2048x1280.jpg 2048w\" sizes=\"auto, (max-width: 480px) 100vw, 480px\" \/>      <\/div>\n      <h3>Bialystok University of Technology in the Times Higher Education World University Rankings<\/h3>\n      On 21 January, the latest edition of the prestigious Times Higher    <\/a>\n<\/article>\t\t\t\t\t\t<\/div>\n\t\t\t\t\t\n\t\t\t\t\n\t\t\t\t\t<\/div>\n\t\t\t\t\t<\/div>\n\n","protected":false},"excerpt":{"rendered":"<p>Bialystok University of Technology is the largest technical university in North-East Poland. It has over<\/p>\n","protected":false},"author":1,"featured_media":57684,"parent":0,"menu_order":19,"comment_status":"closed","ping_status":"closed","template":"","meta":{"_acf_changed":false,"ngg_post_thumbnail":0,"footnotes":""},"class_list":["post-62562","page","type-page","status-publish","has-post-thumbnail","hentry"],"acf":[],"yoast_head":"<!-- This site is optimized with the Yoast SEO plugin v26.4 - https:\/\/yoast.com\/wordpress\/plugins\/seo\/ -->\n<title>University - Bialystok University of Technology - archived website<\/title>\n<meta name=\"description\" content=\"Bialystok University of Technology is the largest technical university in North-East Poland. It has over 70 years of tradition in educating engineers and\" \/>\n<meta name=\"robots\" content=\"noindex, follow, max-snippet:-1, max-image-preview:large, max-video-preview:-1\" \/>\n<meta property=\"og:locale\" content=\"en_US\" \/>\n<meta property=\"og:type\" content=\"article\" \/>\n<meta property=\"og:title\" content=\"University - Bialystok University of Technology - archived website\" \/>\n<meta property=\"og:description\" content=\"Bialystok University of Technology is the largest technical university in North-East Poland. It has over 70 years of tradition in educating engineers and\" \/>\n<meta property=\"og:url\" content=\"https:\/\/archiwalna.pb.edu.pl\/en\/university\/\" \/>\n<meta property=\"og:site_name\" content=\"Bialystok University of Technology - archived website\" \/>\n<meta property=\"article:modified_time\" content=\"2022-04-03T22:42:31+00:00\" \/>\n<meta property=\"og:image\" content=\"https:\/\/archiwalna.pb.edu.pl\/wp-content\/uploads\/2018\/04\/strona-glowna-uczelnia-kateg.jpg\" \/>\n\t<meta property=\"og:image:width\" content=\"1240\" \/>\n\t<meta property=\"og:image:height\" content=\"730\" \/>\n\t<meta property=\"og:image:type\" content=\"image\/jpeg\" \/>\n<script type=\"application\/ld+json\" class=\"yoast-schema-graph\">{\"@context\":\"https:\/\/schema.org\",\"@graph\":[{\"@type\":\"WebPage\",\"@id\":\"https:\/\/archiwalna.pb.edu.pl\/en\/university\/\",\"url\":\"https:\/\/archiwalna.pb.edu.pl\/en\/university\/\",\"name\":\"University - Bialystok University of Technology - archived website\",\"isPartOf\":{\"@id\":\"https:\/\/archiwalna.pb.edu.pl\/en\/#website\"},\"primaryImageOfPage\":{\"@id\":\"https:\/\/archiwalna.pb.edu.pl\/en\/university\/#primaryimage\"},\"image\":{\"@id\":\"https:\/\/archiwalna.pb.edu.pl\/en\/university\/#primaryimage\"},\"thumbnailUrl\":\"https:\/\/archiwalna.pb.edu.pl\/wp-content\/uploads\/2018\/04\/strona-glowna-uczelnia-kateg.jpg\",\"datePublished\":\"2017-06-28T16:58:02+00:00\",\"dateModified\":\"2022-04-03T22:42:31+00:00\",\"description\":\"Bialystok University of Technology is the largest technical university in North-East Poland. It has over 70 years of tradition in educating engineers and\",\"breadcrumb\":{\"@id\":\"https:\/\/archiwalna.pb.edu.pl\/en\/university\/#breadcrumb\"},\"inLanguage\":\"en-US\",\"potentialAction\":[{\"@type\":\"ReadAction\",\"target\":[\"https:\/\/archiwalna.pb.edu.pl\/en\/university\/\"]}]},{\"@type\":\"ImageObject\",\"inLanguage\":\"en-US\",\"@id\":\"https:\/\/archiwalna.pb.edu.pl\/en\/university\/#primaryimage\",\"url\":\"https:\/\/archiwalna.pb.edu.pl\/wp-content\/uploads\/2018\/04\/strona-glowna-uczelnia-kateg.jpg\",\"contentUrl\":\"https:\/\/archiwalna.pb.edu.pl\/wp-content\/uploads\/2018\/04\/strona-glowna-uczelnia-kateg.jpg\",\"width\":1240,\"height\":730,\"caption\":\"solar panels\"},{\"@type\":\"BreadcrumbList\",\"@id\":\"https:\/\/archiwalna.pb.edu.pl\/en\/university\/#breadcrumb\",\"itemListElement\":[{\"@type\":\"ListItem\",\"position\":1,\"name\":\"Home\",\"item\":\"https:\/\/archiwalna.pb.edu.pl\/en\/\"},{\"@type\":\"ListItem\",\"position\":2,\"name\":\"University\"}]},{\"@type\":\"WebSite\",\"@id\":\"https:\/\/archiwalna.pb.edu.pl\/en\/#website\",\"url\":\"https:\/\/archiwalna.pb.edu.pl\/en\/\",\"name\":\"Bialystok University of Technology - archived website\",\"description\":\"\",\"potentialAction\":[{\"@type\":\"SearchAction\",\"target\":{\"@type\":\"EntryPoint\",\"urlTemplate\":\"https:\/\/archiwalna.pb.edu.pl\/en\/?s={search_term_string}\"},\"query-input\":{\"@type\":\"PropertyValueSpecification\",\"valueRequired\":true,\"valueName\":\"search_term_string\"}}],\"inLanguage\":\"en-US\"}]}<\/script>\n<!-- \/ Yoast SEO plugin. -->","yoast_head_json":{"title":"University - Bialystok University of Technology - archived website","description":"Bialystok University of Technology is the largest technical university in North-East Poland. It has over 70 years of tradition in educating engineers and","robots":{"index":"noindex","follow":"follow","max-snippet":"max-snippet:-1","max-image-preview":"max-image-preview:large","max-video-preview":"max-video-preview:-1"},"og_locale":"en_US","og_type":"article","og_title":"University - Bialystok University of Technology - archived website","og_description":"Bialystok University of Technology is the largest technical university in North-East Poland. It has over 70 years of tradition in educating engineers and","og_url":"https:\/\/archiwalna.pb.edu.pl\/en\/university\/","og_site_name":"Bialystok University of Technology - archived website","article_modified_time":"2022-04-03T22:42:31+00:00","og_image":[{"width":1240,"height":730,"url":"https:\/\/archiwalna.pb.edu.pl\/wp-content\/uploads\/2018\/04\/strona-glowna-uczelnia-kateg.jpg","type":"image\/jpeg"}],"schema":{"@context":"https:\/\/schema.org","@graph":[{"@type":"WebPage","@id":"https:\/\/archiwalna.pb.edu.pl\/en\/university\/","url":"https:\/\/archiwalna.pb.edu.pl\/en\/university\/","name":"University - Bialystok University of Technology - archived website","isPartOf":{"@id":"https:\/\/archiwalna.pb.edu.pl\/en\/#website"},"primaryImageOfPage":{"@id":"https:\/\/archiwalna.pb.edu.pl\/en\/university\/#primaryimage"},"image":{"@id":"https:\/\/archiwalna.pb.edu.pl\/en\/university\/#primaryimage"},"thumbnailUrl":"https:\/\/archiwalna.pb.edu.pl\/wp-content\/uploads\/2018\/04\/strona-glowna-uczelnia-kateg.jpg","datePublished":"2017-06-28T16:58:02+00:00","dateModified":"2022-04-03T22:42:31+00:00","description":"Bialystok University of Technology is the largest technical university in North-East Poland. It has over 70 years of tradition in educating engineers and","breadcrumb":{"@id":"https:\/\/archiwalna.pb.edu.pl\/en\/university\/#breadcrumb"},"inLanguage":"en-US","potentialAction":[{"@type":"ReadAction","target":["https:\/\/archiwalna.pb.edu.pl\/en\/university\/"]}]},{"@type":"ImageObject","inLanguage":"en-US","@id":"https:\/\/archiwalna.pb.edu.pl\/en\/university\/#primaryimage","url":"https:\/\/archiwalna.pb.edu.pl\/wp-content\/uploads\/2018\/04\/strona-glowna-uczelnia-kateg.jpg","contentUrl":"https:\/\/archiwalna.pb.edu.pl\/wp-content\/uploads\/2018\/04\/strona-glowna-uczelnia-kateg.jpg","width":1240,"height":730,"caption":"solar panels"},{"@type":"BreadcrumbList","@id":"https:\/\/archiwalna.pb.edu.pl\/en\/university\/#breadcrumb","itemListElement":[{"@type":"ListItem","position":1,"name":"Home","item":"https:\/\/archiwalna.pb.edu.pl\/en\/"},{"@type":"ListItem","position":2,"name":"University"}]},{"@type":"WebSite","@id":"https:\/\/archiwalna.pb.edu.pl\/en\/#website","url":"https:\/\/archiwalna.pb.edu.pl\/en\/","name":"Bialystok University of Technology - archived website","description":"","potentialAction":[{"@type":"SearchAction","target":{"@type":"EntryPoint","urlTemplate":"https:\/\/archiwalna.pb.edu.pl\/en\/?s={search_term_string}"},"query-input":{"@type":"PropertyValueSpecification","valueRequired":true,"valueName":"search_term_string"}}],"inLanguage":"en-US"}]}},"_links":{"self":[{"href":"https:\/\/archiwalna.pb.edu.pl\/en\/wp-json\/wp\/v2\/pages\/62562","targetHints":{"allow":["GET"]}}],"collection":[{"href":"https:\/\/archiwalna.pb.edu.pl\/en\/wp-json\/wp\/v2\/pages"}],"about":[{"href":"https:\/\/archiwalna.pb.edu.pl\/en\/wp-json\/wp\/v2\/types\/page"}],"author":[{"embeddable":true,"href":"https:\/\/archiwalna.pb.edu.pl\/en\/wp-json\/wp\/v2\/users\/1"}],"replies":[{"embeddable":true,"href":"https:\/\/archiwalna.pb.edu.pl\/en\/wp-json\/wp\/v2\/comments?post=62562"}],"version-history":[{"count":0,"href":"https:\/\/archiwalna.pb.edu.pl\/en\/wp-json\/wp\/v2\/pages\/62562\/revisions"}],"wp:featuredmedia":[{"embeddable":true,"href":"https:\/\/archiwalna.pb.edu.pl\/en\/wp-json\/wp\/v2\/media\/57684"}],"wp:attachment":[{"href":"https:\/\/archiwalna.pb.edu.pl\/en\/wp-json\/wp\/v2\/media?parent=62562"}],"curies":[{"name":"wp","href":"https:\/\/api.w.org\/{rel}","templated":true}]}}