{"id":63187,"date":"2017-10-21T20:50:39","date_gmt":"2017-10-21T18:50:39","guid":{"rendered":"https:\/\/pb.edu.pl\/kwestura\/"},"modified":"2023-09-24T19:31:22","modified_gmt":"2023-09-24T17:31:22","slug":"bursars-office","status":"publish","type":"page","link":"https:\/\/archiwalna.pb.edu.pl\/en\/university-units\/bursars-office\/","title":{"rendered":"Bursar\u2019s Office"},"content":{"rendered":"<div class=\"panel-group\" id=\"custom-collapse-0\">\n<div class=\"panel panel-default\">\n\t\t\t\t<div class=\"panel-heading\">\n\t\t\t\t\t<div class=\"panel-title\">\n\t\t\t\t\t\t<a class=\"collapsed h4\" data-toggle=\"collapse\" data-parent=\"#custom-collapse-0\" href=\"#custom-collapse-0-0\">Bursar<\/a>\n\t\t\t\t\t<\/div>\n\t\t\t\t<\/div>\n\t\t\t\t<div id=\"custom-collapse-0-0\" class=\"panel-collapse collapse\">\n\t\t\t\t\t<div class=\"panel-body\">\nJolanta Jarmo\u0142owicz, MSc, room 29<br \/>\n<i class=\"fal fa-phone\"><\/i> +48 85 746 91 21, <i class=\"fal fa-envelope\"><\/i> <a href=\"#\" rel=\"nofollow\"  onclick=\"this.href='mailto:' + 'j.jarmolowicz' + '@' + 'pb.edu.pl'\">j.jarmolowicz [at] pb.edu.pl<\/a>\n<\/div>\n\t\t\t\t<\/div>\n\t\t\t<\/div>\n<div class=\"panel panel-default\">\n\t\t\t\t<div class=\"panel-heading\">\n\t\t\t\t\t<div class=\"panel-title\">\n\t\t\t\t\t\t<a class=\"collapsed h4\" data-toggle=\"collapse\" data-parent=\"#custom-collapse-0\" href=\"#custom-collapse-0-1\">Deputy Bursar<\/a>\n\t\t\t\t\t<\/div>\n\t\t\t\t<\/div>\n\t\t\t\t<div id=\"custom-collapse-0-1\" class=\"panel-collapse collapse\">\n\t\t\t\t\t<div class=\"panel-body\">\nDorota Jab\u0142o\u0144ska, MSc, room  28<\/p>\n<p><i class=\"fal fa-phone\"><\/i> 85 746 91 22, <i class=\"fal fa-envelope\"><\/i> <a href=\"#\" rel=\"nofollow\"  onclick=\"this.href='mailto:' + 'd.jablonska' + '@' + 'pb.edu.pl'\">d.jablonska [at] pb.edu.pl<\/a>\n<\/div>\n\t\t\t\t<\/div>\n\t\t\t<\/div>\n<div class=\"panel panel-default\">\n\t\t\t\t<div class=\"panel-heading\">\n\t\t\t\t\t<div class=\"panel-title\">\n\t\t\t\t\t\t<a class=\"collapsed h4\" data-toggle=\"collapse\" data-parent=\"#custom-collapse-0\" href=\"#custom-collapse-0-2\">Specialists for Accounting<\/a>\n\t\t\t\t\t<\/div>\n\t\t\t\t<\/div>\n\t\t\t\t<div id=\"custom-collapse-0-2\" class=\"panel-collapse collapse\">\n\t\t\t\t\t<div class=\"panel-body\">\nAlicja Kosi\u0144ska, MSc<br \/>\n<i class=\"fal fa-phone\"><\/i> +48 85 746 91 20, <i class=\"fal fa-envelope\"><\/i> <a href=\"#\" rel=\"nofollow\"  onclick=\"this.href='mailto:' + 'alicja.kosinska' + '@' + 'pb.edu.pl'\">alicja.kosinska [at] pb.edu.pl<\/a>\n<\/div>\n\t\t\t\t<\/div>\n\t\t\t<\/div>\n<div class=\"panel panel-default\">\n\t\t\t\t<div class=\"panel-heading\">\n\t\t\t\t\t<div class=\"panel-title\">\n\t\t\t\t\t\t<a class=\"collapsed h4\" data-toggle=\"collapse\" data-parent=\"#custom-collapse-0\" href=\"#custom-collapse-0-3\">Accounting Department<\/a>\n\t\t\t\t\t<\/div>\n\t\t\t\t<\/div>\n\t\t\t\t<div id=\"custom-collapse-0-3\" class=\"panel-collapse collapse\">\n\t\t\t\t\t<div class=\"panel-body\">\n<i class=\"fal fa-envelope\"><\/i> <a href=\"#\" rel=\"nofollow\"  onclick=\"this.href='mailto:' + 'finans' + '@' + 'pb.edu.pl'\">finans [at] pb.edu.pl<\/a>\n&nbsp;<\/p>\n<p><strong>Head of the Accounting Department Joanna Godlewska, MSc<\/strong><br \/>\n<i class=\"fal fa-phone\"><\/i> +48 85 746 70 15, <i class=\"fal fa-envelope\"><\/i> <a href=\"#\" rel=\"nofollow\"  onclick=\"this.href='mailto:' + 'joanna.godlewska' + '@' + 'pb.edu.pl'\">joanna.godlewska [at] pb.edu.pl<\/a>\n&nbsp;<\/p>\n<p><strong>Deputy Head Dorota Jab\u0142o\u0144ska, MSc<\/strong><br \/>\n<i class=\"fal fa-phone\"><\/i> +48 85 746 97 76, <i class=\"fal fa-envelope\"><\/i> <a href=\"#\" rel=\"nofollow\"  onclick=\"this.href='mailto:' + 'd.jablonska' + '@' + 'pb.edu.pl'\">d.jablonska [at] pb.edu.pl<\/a>\n<p>acounting specialist Agnieszka Surajewska, MSc<br \/>\n<i class=\"fal fa-phone\"><\/i> +48 85 746 70 15, <i class=\"fal fa-envelope\"><\/i> <a href=\"#\" rel=\"nofollow\"  onclick=\"this.href='mailto:' + 'a.surajewska' + '@' + 'pb.edu.pl'\">a.surajewska [at] pb.edu.pl<\/a>\n<p>acounting specialist Maciej P\u00f3\u0142ko\u015bnik, MSc<br \/>\n<i class=\"fal fa-phone\"><\/i> +48 85 746 91 24, <i class=\"fal fa-envelope\"><\/i> <a href=\"#\" rel=\"nofollow\"  onclick=\"this.href='mailto:' + 'm.polkosnik' + '@' + 'pb.edu.pl'\">m.polkosnik [at] pb.edu.pl<\/a>\n<p>acounting specialist Joanna Kury\u0142\u0142o, MSc<br \/>\n<i class=\"fal fa-phone\"><\/i> +48 85 746 91 24, <i class=\"fal fa-envelope\"><\/i> <a href=\"#\" rel=\"nofollow\"  onclick=\"this.href='mailto:' + 'j.kuryllo' + '@' + 'pb.edu.pl'\">j.kuryllo [at] pb.edu.pl<\/a>\n<p>acounting specialist Ewa \u015awiderska, MSc<br \/>\n<i class=\"fal fa-phone\"><\/i> +48 85 746 97 76, <i class=\"fal fa-envelope\"><\/i> <a href=\"#\" rel=\"nofollow\"  onclick=\"this.href='mailto:' + 'e.swiderska' + '@' + 'pb.edu.pl'\">e.swiderska [at] pb.edu.pl<\/a>\n<p>acounting specialist Anna Choroma\u0144ska, MSc<br \/>\n <i class=\"fal fa-phone\"><\/i> +48 85 746 70 15, <i class=\"fal fa-envelope\"><\/i> <a href=\"#\" rel=\"nofollow\"  onclick=\"this.href='mailto:' + 'anna.choromanska' + '@' + 'pb.edu.pl'\">anna.choromanska [at] pb.edu.pl<\/a>\n<\/div>\n\t\t\t\t<\/div>\n\t\t\t<\/div>\n<div class=\"panel panel-default\">\n\t\t\t\t<div class=\"panel-heading\">\n\t\t\t\t\t<div class=\"panel-title\">\n\t\t\t\t\t\t<a class=\"collapsed h4\" data-toggle=\"collapse\" data-parent=\"#custom-collapse-0\" href=\"#custom-collapse-0-4\">Financial Settlement Department<\/a>\n\t\t\t\t\t<\/div>\n\t\t\t\t<\/div>\n\t\t\t\t<div id=\"custom-collapse-0-4\" class=\"panel-collapse collapse\">\n\t\t\t\t\t<div class=\"panel-body\">\n<strong>Head of the Financial Settlement Department Katarzyna U\u015bcinowicz, MSc<\/strong><br \/>\n<i class=\"fal fa-phone\"><\/i> +48 85 746 70 07, <i class=\"fal fa-envelope\"><\/i> <a href=\"#\" rel=\"nofollow\"  onclick=\"this.href='mailto:' + 'k.uscinowicz' + '@' + 'pb.edu.pl'\">k.uscinowicz [at] pb.edu.pl<\/a>\n&nbsp;<\/p>\n<p><strong>Deputy Head Anna Kry\u0144ska, MSc<\/strong><br \/>\n<i class=\"fal fa-phone\"><\/i> +48 85 746 70 07, <i class=\"fal fa-envelope\"><\/i> <a href=\"#\" rel=\"nofollow\"  onclick=\"this.href='mailto:' + 'anna.krynska' + '@' + 'pb.edu.pl'\">anna.krynska [at] pb.edu.pl<\/a>\n&nbsp;<\/p>\n<p>financial specialist Agata G\u0142owacka, MSc<br \/>\n<i class=\"fal fa-phone\"><\/i> +48 85 746 70 08, <i class=\"fal fa-envelope\"><\/i> <a href=\"#\" rel=\"nofollow\"  onclick=\"this.href='mailto:' + 'a.glowacka' + '@' + 'pb.edu.pl'\">a.glowacka [at] pb.edu.pl<\/a>\n&nbsp;<\/p>\n<p>financial specialist Krystyna Beata Potocka<br \/>\n<i class=\"fal fa-phone\"><\/i> +48 85 746 70 08, <i class=\"fal fa-envelope\"><\/i> <a href=\"#\" rel=\"nofollow\"  onclick=\"this.href='mailto:' + 'b.potocka' + '@' + 'pb.edu.pl'\">b.potocka [at] pb.edu.pl<\/a>\n<p>financial specialist Iwona Mika-Backiel, MSc<br \/>\n<i class=\"fal fa-phone\"><\/i> +48 85 746 91 25, <i class=\"fal fa-envelope\"><\/i> <a href=\"#\" rel=\"nofollow\"  onclick=\"this.href='mailto:' + 'i.backiel' + '@' + 'pb.edu.pl'\">i.backiel [at] pb.edu.pl<\/a>\n&nbsp;<br \/>\n<\/div>\n\t\t\t\t<\/div>\n\t\t\t<\/div>\n<div class=\"panel panel-default\">\n\t\t\t\t<div class=\"panel-heading\">\n\t\t\t\t\t<div class=\"panel-title\">\n\t\t\t\t\t\t<a class=\"collapsed h4\" data-toggle=\"collapse\" data-parent=\"#custom-collapse-0\" href=\"#custom-collapse-0-5\">Assets Department<\/a>\n\t\t\t\t\t<\/div>\n\t\t\t\t<\/div>\n\t\t\t\t<div id=\"custom-collapse-0-5\" class=\"panel-collapse collapse\">\n\t\t\t\t\t<div class=\"panel-body\">\n<strong>Head of the Assets Department Agnieszka Stypu\u0142kowska, MSc<\/strong><br \/>\n<i class=\"fal fa-phone\"><\/i> +48 85 746 91 27, <i class=\"fal fa-envelope\"><\/i> <a href=\"#\" rel=\"nofollow\"  onclick=\"this.href='mailto:' + 'a.stypulkowska ' + '@' + 'pb.edu.pl'\">a.stypulkowska  [at] pb.edu.pl<\/a>\n&nbsp;<\/p>\n<p>acounting specialist Marzena Korpacz, MSc<br \/>\n<i class=\"fal fa-phone\"><\/i> +48 85 746 70 01, <i class=\"fal fa-envelope\"><\/i> <a href=\"#\" rel=\"nofollow\"  onclick=\"this.href='mailto:' + 'm.korpacz' + '@' + 'pb.edu.pl'\">m.korpacz [at] pb.edu.pl<\/a>\n&nbsp;<\/p>\n<p>acounting specialist Anna P\u00f3\u0142ko\u015bnik, MSc, Eng.<br \/>\n<i class=\"fal fa-phone\"><\/i> +48 85 746 70 01, <i class=\"fal fa-envelope\"><\/i> <a href=\"#\" rel=\"nofollow\"  onclick=\"this.href='mailto:' + 'a.polkosnik' + '@' + 'pb.edu.pl'\">a.polkosnik [at] pb.edu.pl<\/a>\n&nbsp;<\/p>\n<p>acounting specialist Beata Czapska-So\u0142owianiuk, MSc<br \/>\n<i class=\"fal fa-phone\"><\/i> +48 85 746 91 27, <i class=\"fal fa-envelope\"><\/i> <a href=\"#\" rel=\"nofollow\"  onclick=\"this.href='mailto:' + 'b.czapska' + '@' + 'pb.edu.pl'\">b.czapska [at] pb.edu.pl<\/a>\n<\/div>\n\t\t\t\t<\/div>\n\t\t\t<\/div>\n<div class=\"panel panel-default\">\n\t\t\t\t<div class=\"panel-heading\">\n\t\t\t\t\t<div class=\"panel-title\">\n\t\t\t\t\t\t<a class=\"collapsed h4\" data-toggle=\"collapse\" data-parent=\"#custom-collapse-0\" href=\"#custom-collapse-0-6\">Project Settlement Department<\/a>\n\t\t\t\t\t<\/div>\n\t\t\t\t<\/div>\n\t\t\t\t<div id=\"custom-collapse-0-6\" class=\"panel-collapse collapse\">\n\t\t\t\t\t<div class=\"panel-body\">\n<strong>Head of the Project Settlement Department Bogumi\u0142a Rutkowska, MSc<\/strong><br \/>\n<i class=\"fal fa-phone\"><\/i> +48 85 746 91 28, <i class=\"fal fa-envelope\"><\/i> <a href=\"#\" rel=\"nofollow\"  onclick=\"this.href='mailto:' + 'b.rutkowska' + '@' + 'pb.edu.pl'\">b.rutkowska [at] pb.edu.pl<\/a>\n&nbsp;<\/p>\n<p>acounting specialist Katarzyna Szmigiel, MSc<br \/>\n<i class=\"fal fa-phone\"><\/i> +48 85 746 91 15, <i class=\"fal fa-envelope\"><\/i> <a href=\"#\" rel=\"nofollow\"  onclick=\"this.href='mailto:' + 'k.szmigiel' + '@' + 'pb.edu.pl'\">k.szmigiel [at] pb.edu.pl<\/a>\n&nbsp;<\/p>\n<p>acounting specialist Agnieszka Szmidt, MSc<br \/>\n<i class=\"fal fa-phone\"><\/i> +48 85 746 70 13, <i class=\"fal fa-envelope\"><\/i> <a href=\"#\" rel=\"nofollow\"  onclick=\"this.href='mailto:' + 'a.szmidt' + '@' + 'pb.edu.pl'\">a.szmidt [at] pb.edu.pl<\/a>\n&nbsp;<\/p>\n<p>acounting specialist Izabela Wiszenko, MSc<br \/>\n<i class=\"fal fa-phone\"><\/i> +48 85 746 70 13, <i class=\"fal fa-envelope\"><\/i> <a href=\"#\" rel=\"nofollow\"  onclick=\"this.href='mailto:' + 'i.wiszenko' + '@' + 'pb.edu.pl'\">i.wiszenko [at] pb.edu.pl<\/a>\n&nbsp;<\/p>\n<p>acounting specialist Joanna Wysocka<br \/>\n<i class=\"fal fa-phone\"><\/i> +48 85 746 91 15, <i class=\"fal fa-envelope\"><\/i> <a href=\"#\" rel=\"nofollow\"  onclick=\"this.href='mailto:' + 'j.wysocka' + '@' + 'pb.edu.pl'\">j.wysocka [at] pb.edu.pl<\/a>\n&nbsp;<\/p>\n<\/div>\n\t\t\t\t<\/div>\n\t\t\t<\/div>\n<\/div>\n","protected":false},"excerpt":{"rendered":"","protected":false},"author":3,"featured_media":0,"parent":62820,"menu_order":27,"comment_status":"closed","ping_status":"closed","template":"","meta":{"_acf_changed":false,"ngg_post_thumbnail":0,"footnotes":""},"class_list":["post-63187","page","type-page","status-publish","hentry"],"acf":[],"yoast_head":"<!-- This site is optimized with the Yoast SEO plugin v26.4 - https:\/\/yoast.com\/wordpress\/plugins\/seo\/ -->\n<title>Bursar\u2019s Office - Bialystok University of Technology - archived website<\/title>\n<meta name=\"robots\" content=\"noindex, follow, max-snippet:-1, max-image-preview:large, max-video-preview:-1\" \/>\n<meta property=\"og:locale\" content=\"en_US\" \/>\n<meta property=\"og:type\" content=\"article\" \/>\n<meta property=\"og:title\" content=\"Bursar\u2019s Office - Bialystok University of Technology - archived website\" \/>\n<meta property=\"og:url\" content=\"https:\/\/archiwalna.pb.edu.pl\/en\/university-units\/bursars-office\/\" \/>\n<meta property=\"og:site_name\" content=\"Bialystok University of Technology - archived website\" \/>\n<meta property=\"article:modified_time\" content=\"2023-09-24T17:31:22+00:00\" \/>\n<meta name=\"twitter:label1\" content=\"Est. reading time\" \/>\n\t<meta name=\"twitter:data1\" content=\"2 minutes\" \/>\n<script type=\"application\/ld+json\" class=\"yoast-schema-graph\">{\"@context\":\"https:\/\/schema.org\",\"@graph\":[{\"@type\":\"WebPage\",\"@id\":\"https:\/\/archiwalna.pb.edu.pl\/en\/university-units\/bursars-office\/\",\"url\":\"https:\/\/archiwalna.pb.edu.pl\/en\/university-units\/bursars-office\/\",\"name\":\"Bursar\u2019s Office - Bialystok University of Technology - archived website\",\"isPartOf\":{\"@id\":\"https:\/\/archiwalna.pb.edu.pl\/en\/#website\"},\"datePublished\":\"2017-10-21T18:50:39+00:00\",\"dateModified\":\"2023-09-24T17:31:22+00:00\",\"breadcrumb\":{\"@id\":\"https:\/\/archiwalna.pb.edu.pl\/en\/university-units\/bursars-office\/#breadcrumb\"},\"inLanguage\":\"en-US\",\"potentialAction\":[{\"@type\":\"ReadAction\",\"target\":[\"https:\/\/archiwalna.pb.edu.pl\/en\/university-units\/bursars-office\/\"]}]},{\"@type\":\"BreadcrumbList\",\"@id\":\"https:\/\/archiwalna.pb.edu.pl\/en\/university-units\/bursars-office\/#breadcrumb\",\"itemListElement\":[{\"@type\":\"ListItem\",\"position\":1,\"name\":\"Home\",\"item\":\"https:\/\/archiwalna.pb.edu.pl\/en\/\"},{\"@type\":\"ListItem\",\"position\":2,\"name\":\"University units\",\"item\":\"https:\/\/archiwalna.pb.edu.pl\/en\/university-units\/\"},{\"@type\":\"ListItem\",\"position\":3,\"name\":\"Bursar\u2019s Office\"}]},{\"@type\":\"WebSite\",\"@id\":\"https:\/\/archiwalna.pb.edu.pl\/en\/#website\",\"url\":\"https:\/\/archiwalna.pb.edu.pl\/en\/\",\"name\":\"Bialystok University of Technology - archived website\",\"description\":\"\",\"potentialAction\":[{\"@type\":\"SearchAction\",\"target\":{\"@type\":\"EntryPoint\",\"urlTemplate\":\"https:\/\/archiwalna.pb.edu.pl\/en\/?s={search_term_string}\"},\"query-input\":{\"@type\":\"PropertyValueSpecification\",\"valueRequired\":true,\"valueName\":\"search_term_string\"}}],\"inLanguage\":\"en-US\"}]}<\/script>\n<!-- \/ Yoast SEO plugin. -->","yoast_head_json":{"title":"Bursar\u2019s Office - Bialystok University of Technology - archived website","robots":{"index":"noindex","follow":"follow","max-snippet":"max-snippet:-1","max-image-preview":"max-image-preview:large","max-video-preview":"max-video-preview:-1"},"og_locale":"en_US","og_type":"article","og_title":"Bursar\u2019s Office - Bialystok University of Technology - archived website","og_url":"https:\/\/archiwalna.pb.edu.pl\/en\/university-units\/bursars-office\/","og_site_name":"Bialystok University of Technology - archived website","article_modified_time":"2023-09-24T17:31:22+00:00","twitter_misc":{"Est. reading time":"2 minutes"},"schema":{"@context":"https:\/\/schema.org","@graph":[{"@type":"WebPage","@id":"https:\/\/archiwalna.pb.edu.pl\/en\/university-units\/bursars-office\/","url":"https:\/\/archiwalna.pb.edu.pl\/en\/university-units\/bursars-office\/","name":"Bursar\u2019s Office - Bialystok University of Technology - archived website","isPartOf":{"@id":"https:\/\/archiwalna.pb.edu.pl\/en\/#website"},"datePublished":"2017-10-21T18:50:39+00:00","dateModified":"2023-09-24T17:31:22+00:00","breadcrumb":{"@id":"https:\/\/archiwalna.pb.edu.pl\/en\/university-units\/bursars-office\/#breadcrumb"},"inLanguage":"en-US","potentialAction":[{"@type":"ReadAction","target":["https:\/\/archiwalna.pb.edu.pl\/en\/university-units\/bursars-office\/"]}]},{"@type":"BreadcrumbList","@id":"https:\/\/archiwalna.pb.edu.pl\/en\/university-units\/bursars-office\/#breadcrumb","itemListElement":[{"@type":"ListItem","position":1,"name":"Home","item":"https:\/\/archiwalna.pb.edu.pl\/en\/"},{"@type":"ListItem","position":2,"name":"University units","item":"https:\/\/archiwalna.pb.edu.pl\/en\/university-units\/"},{"@type":"ListItem","position":3,"name":"Bursar\u2019s Office"}]},{"@type":"WebSite","@id":"https:\/\/archiwalna.pb.edu.pl\/en\/#website","url":"https:\/\/archiwalna.pb.edu.pl\/en\/","name":"Bialystok University of Technology - archived website","description":"","potentialAction":[{"@type":"SearchAction","target":{"@type":"EntryPoint","urlTemplate":"https:\/\/archiwalna.pb.edu.pl\/en\/?s={search_term_string}"},"query-input":{"@type":"PropertyValueSpecification","valueRequired":true,"valueName":"search_term_string"}}],"inLanguage":"en-US"}]}},"_links":{"self":[{"href":"https:\/\/archiwalna.pb.edu.pl\/en\/wp-json\/wp\/v2\/pages\/63187","targetHints":{"allow":["GET"]}}],"collection":[{"href":"https:\/\/archiwalna.pb.edu.pl\/en\/wp-json\/wp\/v2\/pages"}],"about":[{"href":"https:\/\/archiwalna.pb.edu.pl\/en\/wp-json\/wp\/v2\/types\/page"}],"author":[{"embeddable":true,"href":"https:\/\/archiwalna.pb.edu.pl\/en\/wp-json\/wp\/v2\/users\/3"}],"replies":[{"embeddable":true,"href":"https:\/\/archiwalna.pb.edu.pl\/en\/wp-json\/wp\/v2\/comments?post=63187"}],"version-history":[{"count":0,"href":"https:\/\/archiwalna.pb.edu.pl\/en\/wp-json\/wp\/v2\/pages\/63187\/revisions"}],"up":[{"embeddable":true,"href":"https:\/\/archiwalna.pb.edu.pl\/en\/wp-json\/wp\/v2\/pages\/62820"}],"wp:attachment":[{"href":"https:\/\/archiwalna.pb.edu.pl\/en\/wp-json\/wp\/v2\/media?parent=63187"}],"curies":[{"name":"wp","href":"https:\/\/api.w.org\/{rel}","templated":true}]}}