{"id":63387,"date":"2017-09-13T12:58:47","date_gmt":"2017-09-13T10:58:47","guid":{"rendered":"https:\/\/pb.edu.pl\/university\/about\/university-personalities\/konwent-pb\/"},"modified":"2021-12-14T16:26:30","modified_gmt":"2021-12-14T15:26:30","slug":"but-convention","status":"publish","type":"page","link":"https:\/\/archiwalna.pb.edu.pl\/en\/university\/about\/university-personalities\/but-convention\/","title":{"rendered":"BUT Convention"},"content":{"rendered":"<p>BUT Convention is an association of representatives of provincial and local authorities, renowned companies and pro-business organisations co-operating with Bialystok University of Technology, declaring substantial support for the didactic and scientific development of the University.<\/p>\n<p>The Convention is a forum for exchanging ideas and experiences. It was established by the Resolution of the Senate of Bialystok University of Technology No. 104\/VIII\/XIV\/2013 of 28 February 2013.<br \/>\n&nbsp;<\/p>\n<p><strong>Memebers:<\/strong><\/p>\n<ol>\n<li>Bart\u0142omiej Andruk &#8211; Director of the Department of Education, Sport and Tourism, Office of the Marshal of Podlaskie Voivodship.<\/li>\n<li>Tomasz Buczek &#8211; Director of the Department of Strategy and Development of the Municipal Office of Bialystok<\/li>\n<li>Andrzej Parafiniuk &#8211; Chairman of the Management Board of Podlaska Regional Development Foundation<\/li>\n<li>Witold Karczewski &#8211; President of the Chamber of Industry and Commerce in Bialystok<\/li>\n<li>Ryszard Iwaszkiewicz &#8211; Chairman of the Management Board of the Podlasie Business Club<\/li>\n<li>Krzysztof \u017bukowski &#8211; Chancellor of the Bialystok Chapter of Business Center Club, Vice-Chairman of the Mangement Board of the BCC<\/li>\n<li>Tadeusz Perkowski &#8211; Chairman of the Management Board of the Chamber of Commerce in \u0141apy<\/li>\n<li>Janusz Zastocki &#8211; Chairman of the Management Board of the BUT Alumni Association<\/li>\n<li>Wojciech Kami\u0144ski &#8211; President of the Coucil, Podlasie District Chamber of Civil Engineers<\/li>\n<li>Katarzyna Rutkowska &#8211; Chairman of the Management Board, AC S.A.<\/li>\n<li>Anatol Chomczyk &#8211; Chairman of ANATEX Sp. z o.o.<\/li>\n<li>Andrzej Jankowski &#8211; Chairman of the Management Board, AquaRD Sp. z o.o.<\/li>\n<li>Bogus\u0142aw \u0141\u0105cki &#8211; Chairman of the Management Board, AUTOMATYKA-POMIARY- STEROWANIE S.A.<\/li>\n<li>Jaros\u0142aw Krzysztof Jurak &#8211; Chairman of the Management Board, Budimex Danwood Sp. z o.o.<\/li>\n<li>Jolanta Krystyna Puci\u0142owska &#8211; Chairman of the Management Board, ZETO S.A.<\/li>\n<li>Wojciech Borzuchowski &#8211; Regional Director, The General Directorate for National Roads and Motorways in Bialystok<\/li>\n<li>Jaros\u0142aw Antychowicz &#8211; Chairman of the Management Board, Infinity Group Sp. z o.o.<\/li>\n<li>Pawe\u0142 \u015awiderski &#8211; Chairman of the Management Board, Instal Bia\u0142ystok S.A.<\/li>\n<li>Maciej Szumski &#8211; Chairman of the Management Board, Plum Sp. z o.o.<\/li>\n<li>Zbigniew Bogus\u0142aw Siergiej &#8211; President of Pracowniczy O\u015brodek Maszynowy w Augustowie Sp. z o.o.<\/li>\n<li>Wiktor Marek Siergiej &#8211; Chairman of the Management Board, PROMOTECH Sp. z o.o<\/li>\n<li>Sergiusz Martyniuk &#8211; Chairman of the Management Board, Pronar Sp. z o.o.<\/li>\n<li>Tomasz Kamil T\u0119pi\u0144ski &#8211; Chairman of the Management Board, P.P.H. \u201eSilikaty-Bia\u0142ystok\u201d Sp. z o.o.<\/li>\n<li>Andrzej J\u00f3zef Nowak &#8211; Director of the Regional Directorate of State Forests (RDSF) in Bia\u0142ystok<\/li>\n<li>Edmund Borawski &#8211; Chairman of the Management Board, Sp\u00f3\u0142dzielnia Mleczarska \u201eMlekpol\u201d<\/li>\n<li>Konrad \u015awirski &#8211; Chairman of the Management Board, Transition Technologies<\/li>\n<\/ol>\n","protected":false},"excerpt":{"rendered":"<p>BUT Convention is an association of representatives of provincial and local authorities, renowned companies and<\/p>\n","protected":false},"author":2,"featured_media":0,"parent":62663,"menu_order":4,"comment_status":"closed","ping_status":"closed","template":"","meta":{"_acf_changed":false,"ngg_post_thumbnail":0,"footnotes":""},"class_list":["post-63387","page","type-page","status-publish","hentry"],"acf":[],"yoast_head":"<!-- This site is optimized with the Yoast SEO plugin v26.4 - https:\/\/yoast.com\/wordpress\/plugins\/seo\/ -->\n<title>BUT Convention - Bialystok University of Technology - archived website<\/title>\n<meta name=\"description\" content=\"BUT Convention is an association of representatives of provincial and local authorities, renowned companies and pro-business organisations co-operating\" \/>\n<meta name=\"robots\" content=\"noindex, follow, max-snippet:-1, max-image-preview:large, max-video-preview:-1\" \/>\n<meta property=\"og:locale\" content=\"en_US\" \/>\n<meta property=\"og:type\" content=\"article\" \/>\n<meta property=\"og:title\" content=\"BUT Convention - Bialystok University of Technology - archived website\" \/>\n<meta property=\"og:description\" content=\"BUT Convention is an association of representatives of provincial and local authorities, renowned companies and pro-business organisations co-operating\" \/>\n<meta property=\"og:url\" content=\"https:\/\/archiwalna.pb.edu.pl\/en\/university\/about\/university-personalities\/but-convention\/\" \/>\n<meta property=\"og:site_name\" content=\"Bialystok University of Technology - archived website\" \/>\n<meta property=\"article:modified_time\" content=\"2021-12-14T15:26:30+00:00\" \/>\n<meta name=\"twitter:label1\" content=\"Est. reading time\" \/>\n\t<meta name=\"twitter:data1\" content=\"2 minutes\" \/>\n<script type=\"application\/ld+json\" class=\"yoast-schema-graph\">{\"@context\":\"https:\/\/schema.org\",\"@graph\":[{\"@type\":\"WebPage\",\"@id\":\"https:\/\/archiwalna.pb.edu.pl\/en\/university\/about\/university-personalities\/but-convention\/\",\"url\":\"https:\/\/archiwalna.pb.edu.pl\/en\/university\/about\/university-personalities\/but-convention\/\",\"name\":\"BUT Convention - Bialystok University of Technology - archived website\",\"isPartOf\":{\"@id\":\"https:\/\/archiwalna.pb.edu.pl\/en\/#website\"},\"datePublished\":\"2017-09-13T10:58:47+00:00\",\"dateModified\":\"2021-12-14T15:26:30+00:00\",\"description\":\"BUT Convention is an association of representatives of provincial and local authorities, renowned companies and pro-business organisations co-operating\",\"breadcrumb\":{\"@id\":\"https:\/\/archiwalna.pb.edu.pl\/en\/university\/about\/university-personalities\/but-convention\/#breadcrumb\"},\"inLanguage\":\"en-US\",\"potentialAction\":[{\"@type\":\"ReadAction\",\"target\":[\"https:\/\/archiwalna.pb.edu.pl\/en\/university\/about\/university-personalities\/but-convention\/\"]}]},{\"@type\":\"BreadcrumbList\",\"@id\":\"https:\/\/archiwalna.pb.edu.pl\/en\/university\/about\/university-personalities\/but-convention\/#breadcrumb\",\"itemListElement\":[{\"@type\":\"ListItem\",\"position\":1,\"name\":\"Home\",\"item\":\"https:\/\/archiwalna.pb.edu.pl\/en\/\"},{\"@type\":\"ListItem\",\"position\":2,\"name\":\"University\",\"item\":\"https:\/\/archiwalna.pb.edu.pl\/en\/university\/\"},{\"@type\":\"ListItem\",\"position\":3,\"name\":\"About\",\"item\":\"https:\/\/archiwalna.pb.edu.pl\/en\/university\/about\/\"},{\"@type\":\"ListItem\",\"position\":4,\"name\":\"University personalities\",\"item\":\"https:\/\/archiwalna.pb.edu.pl\/en\/university\/about\/university-personalities\/\"},{\"@type\":\"ListItem\",\"position\":5,\"name\":\"BUT Convention\"}]},{\"@type\":\"WebSite\",\"@id\":\"https:\/\/archiwalna.pb.edu.pl\/en\/#website\",\"url\":\"https:\/\/archiwalna.pb.edu.pl\/en\/\",\"name\":\"Bialystok University of Technology - archived website\",\"description\":\"\",\"potentialAction\":[{\"@type\":\"SearchAction\",\"target\":{\"@type\":\"EntryPoint\",\"urlTemplate\":\"https:\/\/archiwalna.pb.edu.pl\/en\/?s={search_term_string}\"},\"query-input\":{\"@type\":\"PropertyValueSpecification\",\"valueRequired\":true,\"valueName\":\"search_term_string\"}}],\"inLanguage\":\"en-US\"}]}<\/script>\n<!-- \/ Yoast SEO plugin. -->","yoast_head_json":{"title":"BUT Convention - Bialystok University of Technology - archived website","description":"BUT Convention is an association of representatives of provincial and local authorities, renowned companies and pro-business organisations co-operating","robots":{"index":"noindex","follow":"follow","max-snippet":"max-snippet:-1","max-image-preview":"max-image-preview:large","max-video-preview":"max-video-preview:-1"},"og_locale":"en_US","og_type":"article","og_title":"BUT Convention - Bialystok University of Technology - archived website","og_description":"BUT Convention is an association of representatives of provincial and local authorities, renowned companies and pro-business organisations co-operating","og_url":"https:\/\/archiwalna.pb.edu.pl\/en\/university\/about\/university-personalities\/but-convention\/","og_site_name":"Bialystok University of Technology - archived website","article_modified_time":"2021-12-14T15:26:30+00:00","twitter_misc":{"Est. reading time":"2 minutes"},"schema":{"@context":"https:\/\/schema.org","@graph":[{"@type":"WebPage","@id":"https:\/\/archiwalna.pb.edu.pl\/en\/university\/about\/university-personalities\/but-convention\/","url":"https:\/\/archiwalna.pb.edu.pl\/en\/university\/about\/university-personalities\/but-convention\/","name":"BUT Convention - Bialystok University of Technology - archived website","isPartOf":{"@id":"https:\/\/archiwalna.pb.edu.pl\/en\/#website"},"datePublished":"2017-09-13T10:58:47+00:00","dateModified":"2021-12-14T15:26:30+00:00","description":"BUT Convention is an association of representatives of provincial and local authorities, renowned companies and pro-business organisations co-operating","breadcrumb":{"@id":"https:\/\/archiwalna.pb.edu.pl\/en\/university\/about\/university-personalities\/but-convention\/#breadcrumb"},"inLanguage":"en-US","potentialAction":[{"@type":"ReadAction","target":["https:\/\/archiwalna.pb.edu.pl\/en\/university\/about\/university-personalities\/but-convention\/"]}]},{"@type":"BreadcrumbList","@id":"https:\/\/archiwalna.pb.edu.pl\/en\/university\/about\/university-personalities\/but-convention\/#breadcrumb","itemListElement":[{"@type":"ListItem","position":1,"name":"Home","item":"https:\/\/archiwalna.pb.edu.pl\/en\/"},{"@type":"ListItem","position":2,"name":"University","item":"https:\/\/archiwalna.pb.edu.pl\/en\/university\/"},{"@type":"ListItem","position":3,"name":"About","item":"https:\/\/archiwalna.pb.edu.pl\/en\/university\/about\/"},{"@type":"ListItem","position":4,"name":"University personalities","item":"https:\/\/archiwalna.pb.edu.pl\/en\/university\/about\/university-personalities\/"},{"@type":"ListItem","position":5,"name":"BUT Convention"}]},{"@type":"WebSite","@id":"https:\/\/archiwalna.pb.edu.pl\/en\/#website","url":"https:\/\/archiwalna.pb.edu.pl\/en\/","name":"Bialystok University of Technology - archived website","description":"","potentialAction":[{"@type":"SearchAction","target":{"@type":"EntryPoint","urlTemplate":"https:\/\/archiwalna.pb.edu.pl\/en\/?s={search_term_string}"},"query-input":{"@type":"PropertyValueSpecification","valueRequired":true,"valueName":"search_term_string"}}],"inLanguage":"en-US"}]}},"_links":{"self":[{"href":"https:\/\/archiwalna.pb.edu.pl\/en\/wp-json\/wp\/v2\/pages\/63387","targetHints":{"allow":["GET"]}}],"collection":[{"href":"https:\/\/archiwalna.pb.edu.pl\/en\/wp-json\/wp\/v2\/pages"}],"about":[{"href":"https:\/\/archiwalna.pb.edu.pl\/en\/wp-json\/wp\/v2\/types\/page"}],"author":[{"embeddable":true,"href":"https:\/\/archiwalna.pb.edu.pl\/en\/wp-json\/wp\/v2\/users\/2"}],"replies":[{"embeddable":true,"href":"https:\/\/archiwalna.pb.edu.pl\/en\/wp-json\/wp\/v2\/comments?post=63387"}],"version-history":[{"count":0,"href":"https:\/\/archiwalna.pb.edu.pl\/en\/wp-json\/wp\/v2\/pages\/63387\/revisions"}],"up":[{"embeddable":true,"href":"https:\/\/archiwalna.pb.edu.pl\/en\/wp-json\/wp\/v2\/pages\/62663"}],"wp:attachment":[{"href":"https:\/\/archiwalna.pb.edu.pl\/en\/wp-json\/wp\/v2\/media?parent=63387"}],"curies":[{"name":"wp","href":"https:\/\/api.w.org\/{rel}","templated":true}]}}