{"id":64102,"date":"2020-06-23T09:20:19","date_gmt":"2020-06-23T07:20:19","guid":{"rendered":"https:\/\/pb.edu.pl\/program-hub-of-talents-2\/"},"modified":"2021-12-17T20:46:37","modified_gmt":"2021-12-17T19:46:37","slug":"hub-of-talents-2-programme","status":"publish","type":"page","link":"https:\/\/archiwalna.pb.edu.pl\/en\/cooperation\/hub-of-talents-2-programme\/","title":{"rendered":"Hub of Talents 2 Programme"},"content":{"rendered":"<p><strong>Hub of Talents 2 <\/strong>is a programme that supports people with an idea for an innovative business. The Bialystok Science and Technology Park is the project&#8217;s executor.<\/p>\n<p>Within the project you will complete an individual incubation programme lasting up to 8 months. You will receive support comprising two types of services: basic and specialized.<\/p>\n<p>Basic services consist, among others, in providing space for work, legal, accounting and marketing support for newly established companies.<\/p>\n<p>Specialist services, in turn, are related to the specific business or technological needs of individual startups. They are not limited by a closed catalogue, so your startup can receive individual services tailored to its needs. The incubation process should result in a prototype or a business model.<\/p>\n<p>The platform conducts continuous recruitment for 8 incubation cycles &#8211; you can apply until the end of 2022.<\/p>\n<p>After successfully completing the incubation process and receiving a recommendation, you can apply for up to 800 thousand PLN funding for the development of your business under the competition Start-ups development in Eastern Poland.&nbsp;&nbsp;<\/p>\n<p>Within the incubation process selected start-ups will have a chance to go to Silicon Valley &#8211; American epicenter of innovation.<\/p>\n<div class=\"h2\">Recruitment process<\/div>\n<ul>\n<li>Submission of application<\/li>\n<li>Formal evaluation<\/li>\n<li>Preliminary substantive evaluation<\/li>\n<li>Panel of Experts<\/li>\n<li>Start of incubation process<\/li>\n<\/ul>\n<div class=\"h2\">As part of &#8220;Hub of Talents 2&#8221; you can benefit from:<\/div>\n<ul>\n<li>assistance in creating the business foundations of your venture,<\/li>\n<li>specialist services tailored to your idea,<\/li>\n<li>workshops and training in public speaking and presenting your project,<\/li>\n<li>mentoring,<\/li>\n<li>accounting, tax and legal services,<\/li>\n<li>assistance in creating corporate identity elements,<\/li>\n<li>office space for the development of your startup.<\/li>\n<\/ul>\n<div class=\"h2\">Project partners<\/div>\n<p><strong>Professional support is guaranteed by project partners:<\/strong><\/p>\n<p><a href=\"https:\/\/pb.edu.pl\/en\">Politechnika Bia\u0142ostocka<\/a><\/p>\n<p><a href=\"http:\/\/parklomza.pl\/\">Park Przemys\u0142owy \u0141om\u017ca Sp. z o.o.<\/a><\/p>\n<p><a href=\"https:\/\/usptc.org\/\">Polsko Ameryka\u0144ska Rada Wsp\u00f3\u0142pracy Stowarzyszenie Na Rzecz Wsp\u00f3\u0142pracy Polska USA w Zakresie Rozwoju Wymiany Gospodarczej Wsp\u00f3\u0142pracy Naukowej i Rozwoju Technologii<\/a><\/p>\n<p><a href=\"http:\/\/cpir.org.pl\/\">Centrum Promocji Innowacji i Rozwoju<\/a><\/p>\n<p><a href=\"http:\/\/effective.org.pl\">Effective Sp. z o.o<\/a><\/p>\n<p><a href=\"http:\/\/infini.pl\/\">Infini Seed Sp. z o.o.<\/a><\/p>\n<p><a href=\"https:\/\/petrosoft.pl\/\">Petrosoft.pl<\/a><\/p>\n<p><a href=\"http:\/\/prawnicybialystok.pl\/\">Kancelaria Radc\u00f3w Prawnych Iwaniuk, Rola-Paw\u0142ow sp. p.<\/a><\/p>\n<p><a href=\"https:\/\/gogler.pl\/\">Gogler Brzezi\u0144ski, Suszko Sp.j.<\/a><\/p>\n<p><a href=\"https:\/\/goodsoft.pl\/\">GoodSoft<\/a><\/p>\n<p><a href=\"https:\/\/mobitouch.net\/\">Mobitouch Sp. z o.o.<\/a><\/p>\n<p>&nbsp;<\/p>\n<div class=\"row\">\n<div class=\"col-sm-12 text-center\"><img loading=\"lazy\" decoding=\"async\" width=\"2000\" height=\"183\" class=\"aligncenter size-full wp-image-40840\" src=\"https:\/\/pb.edu.pl\/wp-content\/uploads\/2020\/06\/ZESTAW_LOGO_HOT2.png\" alt=\"zestaw logo\" srcset=\"https:\/\/archiwalna.pb.edu.pl\/wp-content\/uploads\/2020\/06\/ZESTAW_LOGO_HOT2.png 2000w, https:\/\/archiwalna.pb.edu.pl\/wp-content\/uploads\/2020\/06\/ZESTAW_LOGO_HOT2-300x27.png 300w, https:\/\/archiwalna.pb.edu.pl\/wp-content\/uploads\/2020\/06\/ZESTAW_LOGO_HOT2-1024x94.png 1024w, https:\/\/archiwalna.pb.edu.pl\/wp-content\/uploads\/2020\/06\/ZESTAW_LOGO_HOT2-768x70.png 768w, https:\/\/archiwalna.pb.edu.pl\/wp-content\/uploads\/2020\/06\/ZESTAW_LOGO_HOT2-1536x141.png 1536w\" sizes=\"auto, (max-width: 2000px) 100vw, 2000px\" \/><\/div>\n<\/div>\n<p>&nbsp;<\/p>\n","protected":false},"excerpt":{"rendered":"<p>Hub of Talents 2 is a programme that supports people with an idea for an<\/p>\n","protected":false},"author":2,"featured_media":0,"parent":62750,"menu_order":54,"comment_status":"closed","ping_status":"closed","template":"","meta":{"_acf_changed":false,"ngg_post_thumbnail":0,"footnotes":""},"class_list":["post-64102","page","type-page","status-publish","hentry"],"acf":[],"yoast_head":"<!-- This site is optimized with the Yoast SEO plugin v26.4 - https:\/\/yoast.com\/wordpress\/plugins\/seo\/ -->\n<title>Hub of Talents 2 Programme - Bialystok University of Technology - archived website<\/title>\n<meta name=\"description\" content=\"Hub of Talents 2 is a programme that supports people with an idea for an innovative business. The Bialystok Science and Technology Park is the project&#039;s\" \/>\n<meta name=\"robots\" content=\"noindex, follow, max-snippet:-1, max-image-preview:large, max-video-preview:-1\" \/>\n<meta property=\"og:locale\" content=\"en_US\" \/>\n<meta property=\"og:type\" content=\"article\" \/>\n<meta property=\"og:title\" content=\"Hub of Talents 2 Programme - Bialystok University of Technology - archived website\" \/>\n<meta property=\"og:description\" content=\"Hub of Talents 2 is a programme that supports people with an idea for an innovative business. The Bialystok Science and Technology Park is the project&#039;s\" \/>\n<meta property=\"og:url\" content=\"https:\/\/archiwalna.pb.edu.pl\/en\/cooperation\/hub-of-talents-2-programme\/\" \/>\n<meta property=\"og:site_name\" content=\"Bialystok University of Technology - archived website\" \/>\n<meta property=\"article:modified_time\" content=\"2021-12-17T19:46:37+00:00\" \/>\n<meta property=\"og:image\" content=\"https:\/\/pb.edu.pl\/wp-content\/uploads\/2020\/06\/ZESTAW_LOGO_HOT2.png\" \/>\n<meta name=\"twitter:label1\" content=\"Est. reading time\" \/>\n\t<meta name=\"twitter:data1\" content=\"2 minutes\" \/>\n<script type=\"application\/ld+json\" class=\"yoast-schema-graph\">{\"@context\":\"https:\/\/schema.org\",\"@graph\":[{\"@type\":\"WebPage\",\"@id\":\"https:\/\/archiwalna.pb.edu.pl\/en\/cooperation\/hub-of-talents-2-programme\/\",\"url\":\"https:\/\/archiwalna.pb.edu.pl\/en\/cooperation\/hub-of-talents-2-programme\/\",\"name\":\"Hub of Talents 2 Programme - Bialystok University of Technology - archived website\",\"isPartOf\":{\"@id\":\"https:\/\/archiwalna.pb.edu.pl\/en\/#website\"},\"primaryImageOfPage\":{\"@id\":\"https:\/\/archiwalna.pb.edu.pl\/en\/cooperation\/hub-of-talents-2-programme\/#primaryimage\"},\"image\":{\"@id\":\"https:\/\/archiwalna.pb.edu.pl\/en\/cooperation\/hub-of-talents-2-programme\/#primaryimage\"},\"thumbnailUrl\":\"https:\/\/pb.edu.pl\/wp-content\/uploads\/2020\/06\/ZESTAW_LOGO_HOT2.png\",\"datePublished\":\"2020-06-23T07:20:19+00:00\",\"dateModified\":\"2021-12-17T19:46:37+00:00\",\"description\":\"Hub of Talents 2 is a programme that supports people with an idea for an innovative business. The Bialystok Science and Technology Park is the project's\",\"breadcrumb\":{\"@id\":\"https:\/\/archiwalna.pb.edu.pl\/en\/cooperation\/hub-of-talents-2-programme\/#breadcrumb\"},\"inLanguage\":\"en-US\",\"potentialAction\":[{\"@type\":\"ReadAction\",\"target\":[\"https:\/\/archiwalna.pb.edu.pl\/en\/cooperation\/hub-of-talents-2-programme\/\"]}]},{\"@type\":\"ImageObject\",\"inLanguage\":\"en-US\",\"@id\":\"https:\/\/archiwalna.pb.edu.pl\/en\/cooperation\/hub-of-talents-2-programme\/#primaryimage\",\"url\":\"https:\/\/pb.edu.pl\/wp-content\/uploads\/2020\/06\/ZESTAW_LOGO_HOT2.png\",\"contentUrl\":\"https:\/\/pb.edu.pl\/wp-content\/uploads\/2020\/06\/ZESTAW_LOGO_HOT2.png\"},{\"@type\":\"BreadcrumbList\",\"@id\":\"https:\/\/archiwalna.pb.edu.pl\/en\/cooperation\/hub-of-talents-2-programme\/#breadcrumb\",\"itemListElement\":[{\"@type\":\"ListItem\",\"position\":1,\"name\":\"Home\",\"item\":\"https:\/\/archiwalna.pb.edu.pl\/en\/\"},{\"@type\":\"ListItem\",\"position\":2,\"name\":\"Cooperation\",\"item\":\"https:\/\/archiwalna.pb.edu.pl\/en\/cooperation\/\"},{\"@type\":\"ListItem\",\"position\":3,\"name\":\"Hub of Talents 2 Programme\"}]},{\"@type\":\"WebSite\",\"@id\":\"https:\/\/archiwalna.pb.edu.pl\/en\/#website\",\"url\":\"https:\/\/archiwalna.pb.edu.pl\/en\/\",\"name\":\"Bialystok University of Technology - archived website\",\"description\":\"\",\"potentialAction\":[{\"@type\":\"SearchAction\",\"target\":{\"@type\":\"EntryPoint\",\"urlTemplate\":\"https:\/\/archiwalna.pb.edu.pl\/en\/?s={search_term_string}\"},\"query-input\":{\"@type\":\"PropertyValueSpecification\",\"valueRequired\":true,\"valueName\":\"search_term_string\"}}],\"inLanguage\":\"en-US\"}]}<\/script>\n<!-- \/ Yoast SEO plugin. -->","yoast_head_json":{"title":"Hub of Talents 2 Programme - Bialystok University of Technology - archived website","description":"Hub of Talents 2 is a programme that supports people with an idea for an innovative business. The Bialystok Science and Technology Park is the project's","robots":{"index":"noindex","follow":"follow","max-snippet":"max-snippet:-1","max-image-preview":"max-image-preview:large","max-video-preview":"max-video-preview:-1"},"og_locale":"en_US","og_type":"article","og_title":"Hub of Talents 2 Programme - Bialystok University of Technology - archived website","og_description":"Hub of Talents 2 is a programme that supports people with an idea for an innovative business. The Bialystok Science and Technology Park is the project's","og_url":"https:\/\/archiwalna.pb.edu.pl\/en\/cooperation\/hub-of-talents-2-programme\/","og_site_name":"Bialystok University of Technology - archived website","article_modified_time":"2021-12-17T19:46:37+00:00","og_image":[{"url":"https:\/\/pb.edu.pl\/wp-content\/uploads\/2020\/06\/ZESTAW_LOGO_HOT2.png","type":"","width":"","height":""}],"twitter_misc":{"Est. reading time":"2 minutes"},"schema":{"@context":"https:\/\/schema.org","@graph":[{"@type":"WebPage","@id":"https:\/\/archiwalna.pb.edu.pl\/en\/cooperation\/hub-of-talents-2-programme\/","url":"https:\/\/archiwalna.pb.edu.pl\/en\/cooperation\/hub-of-talents-2-programme\/","name":"Hub of Talents 2 Programme - Bialystok University of Technology - archived website","isPartOf":{"@id":"https:\/\/archiwalna.pb.edu.pl\/en\/#website"},"primaryImageOfPage":{"@id":"https:\/\/archiwalna.pb.edu.pl\/en\/cooperation\/hub-of-talents-2-programme\/#primaryimage"},"image":{"@id":"https:\/\/archiwalna.pb.edu.pl\/en\/cooperation\/hub-of-talents-2-programme\/#primaryimage"},"thumbnailUrl":"https:\/\/pb.edu.pl\/wp-content\/uploads\/2020\/06\/ZESTAW_LOGO_HOT2.png","datePublished":"2020-06-23T07:20:19+00:00","dateModified":"2021-12-17T19:46:37+00:00","description":"Hub of Talents 2 is a programme that supports people with an idea for an innovative business. The Bialystok Science and Technology Park is the project's","breadcrumb":{"@id":"https:\/\/archiwalna.pb.edu.pl\/en\/cooperation\/hub-of-talents-2-programme\/#breadcrumb"},"inLanguage":"en-US","potentialAction":[{"@type":"ReadAction","target":["https:\/\/archiwalna.pb.edu.pl\/en\/cooperation\/hub-of-talents-2-programme\/"]}]},{"@type":"ImageObject","inLanguage":"en-US","@id":"https:\/\/archiwalna.pb.edu.pl\/en\/cooperation\/hub-of-talents-2-programme\/#primaryimage","url":"https:\/\/pb.edu.pl\/wp-content\/uploads\/2020\/06\/ZESTAW_LOGO_HOT2.png","contentUrl":"https:\/\/pb.edu.pl\/wp-content\/uploads\/2020\/06\/ZESTAW_LOGO_HOT2.png"},{"@type":"BreadcrumbList","@id":"https:\/\/archiwalna.pb.edu.pl\/en\/cooperation\/hub-of-talents-2-programme\/#breadcrumb","itemListElement":[{"@type":"ListItem","position":1,"name":"Home","item":"https:\/\/archiwalna.pb.edu.pl\/en\/"},{"@type":"ListItem","position":2,"name":"Cooperation","item":"https:\/\/archiwalna.pb.edu.pl\/en\/cooperation\/"},{"@type":"ListItem","position":3,"name":"Hub of Talents 2 Programme"}]},{"@type":"WebSite","@id":"https:\/\/archiwalna.pb.edu.pl\/en\/#website","url":"https:\/\/archiwalna.pb.edu.pl\/en\/","name":"Bialystok University of Technology - archived website","description":"","potentialAction":[{"@type":"SearchAction","target":{"@type":"EntryPoint","urlTemplate":"https:\/\/archiwalna.pb.edu.pl\/en\/?s={search_term_string}"},"query-input":{"@type":"PropertyValueSpecification","valueRequired":true,"valueName":"search_term_string"}}],"inLanguage":"en-US"}]}},"_links":{"self":[{"href":"https:\/\/archiwalna.pb.edu.pl\/en\/wp-json\/wp\/v2\/pages\/64102","targetHints":{"allow":["GET"]}}],"collection":[{"href":"https:\/\/archiwalna.pb.edu.pl\/en\/wp-json\/wp\/v2\/pages"}],"about":[{"href":"https:\/\/archiwalna.pb.edu.pl\/en\/wp-json\/wp\/v2\/types\/page"}],"author":[{"embeddable":true,"href":"https:\/\/archiwalna.pb.edu.pl\/en\/wp-json\/wp\/v2\/users\/2"}],"replies":[{"embeddable":true,"href":"https:\/\/archiwalna.pb.edu.pl\/en\/wp-json\/wp\/v2\/comments?post=64102"}],"version-history":[{"count":0,"href":"https:\/\/archiwalna.pb.edu.pl\/en\/wp-json\/wp\/v2\/pages\/64102\/revisions"}],"up":[{"embeddable":true,"href":"https:\/\/archiwalna.pb.edu.pl\/en\/wp-json\/wp\/v2\/pages\/62750"}],"wp:attachment":[{"href":"https:\/\/archiwalna.pb.edu.pl\/en\/wp-json\/wp\/v2\/media?parent=64102"}],"curies":[{"name":"wp","href":"https:\/\/api.w.org\/{rel}","templated":true}]}}